{"id":45,"date":"2023-07-17T17:14:40","date_gmt":"2023-07-17T17:14:40","guid":{"rendered":"https:\/\/rehobothprague.org\/?page_id=45"},"modified":"2023-08-15T11:35:25","modified_gmt":"2023-08-15T11:35:25","slug":"sermons","status":"publish","type":"page","link":"https:\/\/rehobothprague.org\/cs\/sermons\/","title":{"rendered":"K\u00e1z\u00e1n\u00ed"},"content":{"rendered":"<div data-elementor-type=\"wp-page\" data-elementor-id=\"45\" class=\"elementor elementor-45\" data-elementor-post-type=\"page\">\n\t\t\t\t\t\t<section class=\"elementor-section elementor-top-section elementor-element elementor-element-188164b1 elementor-section-height-min-height elementor-section-stretched elementor-section-boxed elementor-section-height-default elementor-section-items-middle\" data-id=\"188164b1\" data-element_type=\"section\" data-e-type=\"section\" data-settings=\"{&quot;background_background&quot;:&quot;classic&quot;,&quot;shape_divider_bottom&quot;:&quot;mountains&quot;,&quot;stretch_section&quot;:&quot;section-stretched&quot;}\">\n\t\t\t\t\t\t\t<div class=\"elementor-background-overlay\"><\/div>\n\t\t\t\t\t\t<div class=\"elementor-shape elementor-shape-bottom\" aria-hidden=\"true\" data-negative=\"false\">\n\t\t\t<svg xmlns=\"http:\/\/www.w3.org\/2000\/svg\" viewbox=\"0 0 1000 100\" preserveaspectratio=\"none\">\n\t<path class=\"elementor-shape-fill\" opacity=\"0.33\" d=\"M473,67.3c-203.9,88.3-263.1-34-320.3,0C66,119.1,0,59.7,0,59.7V0h1000v59.7 c0,0-62.1,26.1-94.9,29.3c-32.8,3.3-62.8-12.3-75.8-22.1C806,49.6,745.3,8.7,694.9,4.7S492.4,59,473,67.3z\"\/>\n\t<path class=\"elementor-shape-fill\" opacity=\"0.66\" d=\"M734,67.3c-45.5,0-77.2-23.2-129.1-39.1c-28.6-8.7-150.3-10.1-254,39.1 s-91.7-34.4-149.2,0C115.7,118.3,0,39.8,0,39.8V0h1000v36.5c0,0-28.2-18.5-92.1-18.5C810.2,18.1,775.7,67.3,734,67.3z\"\/>\n\t<path class=\"elementor-shape-fill\" d=\"M766.1,28.9c-200-57.5-266,65.5-395.1,19.5C242,1.8,242,5.4,184.8,20.6C128,35.8,132.3,44.9,89.9,52.5C28.6,63.7,0,0,0,0 h1000c0,0-9.9,40.9-83.6,48.1S829.6,47,766.1,28.9z\"\/>\n<\/svg>\t\t<\/div>\n\t\t\t\t\t<div class=\"elementor-container elementor-column-gap-default\">\n\t\t\t\t\t<div class=\"elementor-column elementor-col-100 elementor-top-column elementor-element elementor-element-7e57779d\" data-id=\"7e57779d\" data-element_type=\"column\" data-e-type=\"column\">\n\t\t\t<div class=\"elementor-widget-wrap elementor-element-populated\">\n\t\t\t\t\t\t<div class=\"elementor-element elementor-element-75c38af9 elementor-invisible elementor-widget elementor-widget-heading\" data-id=\"75c38af9\" data-element_type=\"widget\" data-e-type=\"widget\" data-settings=\"{&quot;_animation&quot;:&quot;slideInLeft&quot;}\" data-widget_type=\"heading.default\">\n\t\t\t\t<div class=\"elementor-widget-container\">\n\t\t\t\t\t<h2 class=\"elementor-heading-title elementor-size-default\">K\u00e1z\u00e1n\u00ed<\/h2>\t\t\t\t<\/div>\n\t\t\t\t<\/div>\n\t\t\t\t<div class=\"elementor-element elementor-element-5bf86073 elementor-invisible elementor-widget elementor-widget-text-editor\" data-id=\"5bf86073\" data-element_type=\"widget\" data-e-type=\"widget\" data-settings=\"{&quot;_animation&quot;:&quot;headShake&quot;}\" data-widget_type=\"text-editor.default\">\n\t\t\t\t<div class=\"elementor-widget-container\">\n\t\t\t\t\t\t\t\t\t<p>Our Latest Sermons<\/p>\t\t\t\t\t\t\t\t<\/div>\n\t\t\t\t<\/div>\n\t\t\t\t\t<\/div>\n\t\t<\/div>\n\t\t\t\t\t<\/div>\n\t\t<\/section>\n\t\t\t\t<section class=\"elementor-section elementor-top-section elementor-element elementor-element-78311bb elementor-section-boxed elementor-section-height-default elementor-section-height-default\" data-id=\"78311bb\" data-element_type=\"section\" data-e-type=\"section\">\n\t\t\t\t\t\t<div class=\"elementor-container elementor-column-gap-default\">\n\t\t\t\t\t<div class=\"elementor-column elementor-col-100 elementor-top-column elementor-element elementor-element-3d6623d\" data-id=\"3d6623d\" data-element_type=\"column\" data-e-type=\"column\">\n\t\t\t<div class=\"elementor-widget-wrap elementor-element-populated\">\n\t\t\t\t\t\t<section class=\"elementor-section elementor-inner-section elementor-element elementor-element-d0264e6 elementor-section-boxed elementor-section-height-default elementor-section-height-default\" data-id=\"d0264e6\" data-element_type=\"section\" data-e-type=\"section\">\n\t\t\t\t\t\t<div class=\"elementor-container elementor-column-gap-default\">\n\t\t\t\t\t<div class=\"elementor-column elementor-col-50 elementor-inner-column elementor-element elementor-element-d790c40\" data-id=\"d790c40\" data-element_type=\"column\" data-e-type=\"column\">\n\t\t\t<div class=\"elementor-widget-wrap elementor-element-populated\">\n\t\t\t\t\t\t<div class=\"elementor-element elementor-element-ebf601d elementor-widget elementor-widget-video\" data-id=\"ebf601d\" data-element_type=\"widget\" data-e-type=\"widget\" data-settings=\"{&quot;youtube_url&quot;:&quot;https:\\\/\\\/youtu.be\\\/H9ocjLpUM-k&quot;,&quot;video_type&quot;:&quot;youtube&quot;,&quot;controls&quot;:&quot;yes&quot;}\" data-widget_type=\"video.default\">\n\t\t\t\t<div class=\"elementor-widget-container\">\n\t\t\t\t\t\t\t<div class=\"elementor-wrapper elementor-open-inline\">\n\t\t\t<div class=\"elementor-video\"><\/div>\t\t<\/div>\n\t\t\t\t\t\t<\/div>\n\t\t\t\t<\/div>\n\t\t\t\t\t<\/div>\n\t\t<\/div>\n\t\t\t\t<div class=\"elementor-column elementor-col-50 elementor-inner-column elementor-element elementor-element-e239835\" data-id=\"e239835\" data-element_type=\"column\" data-e-type=\"column\">\n\t\t\t<div class=\"elementor-widget-wrap elementor-element-populated\">\n\t\t\t\t\t\t<div class=\"elementor-element elementor-element-8d23dd5 elementor-widget elementor-widget-video\" data-id=\"8d23dd5\" data-element_type=\"widget\" data-e-type=\"widget\" data-settings=\"{&quot;youtube_url&quot;:&quot;https:\\\/\\\/youtu.be\\\/IKWWvfSagSg&quot;,&quot;video_type&quot;:&quot;youtube&quot;,&quot;controls&quot;:&quot;yes&quot;}\" data-widget_type=\"video.default\">\n\t\t\t\t<div class=\"elementor-widget-container\">\n\t\t\t\t\t\t\t<div class=\"elementor-wrapper elementor-open-inline\">\n\t\t\t<div class=\"elementor-video\"><\/div>\t\t<\/div>\n\t\t\t\t\t\t<\/div>\n\t\t\t\t<\/div>\n\t\t\t\t\t<\/div>\n\t\t<\/div>\n\t\t\t\t\t<\/div>\n\t\t<\/section>\n\t\t\t\t<section class=\"elementor-section elementor-inner-section elementor-element elementor-element-ac3490e elementor-section-boxed elementor-section-height-default elementor-section-height-default\" data-id=\"ac3490e\" data-element_type=\"section\" data-e-type=\"section\">\n\t\t\t\t\t\t<div class=\"elementor-container elementor-column-gap-default\">\n\t\t\t\t\t<div class=\"elementor-column elementor-col-50 elementor-inner-column elementor-element elementor-element-0e32831\" data-id=\"0e32831\" data-element_type=\"column\" data-e-type=\"column\">\n\t\t\t<div class=\"elementor-widget-wrap elementor-element-populated\">\n\t\t\t\t\t\t<div class=\"elementor-element elementor-element-f1bd83a elementor-widget elementor-widget-video\" data-id=\"f1bd83a\" data-element_type=\"widget\" data-e-type=\"widget\" data-settings=\"{&quot;youtube_url&quot;:&quot;https:\\\/\\\/youtu.be\\\/yEAgkHYDcZY&quot;,&quot;video_type&quot;:&quot;youtube&quot;,&quot;controls&quot;:&quot;yes&quot;}\" data-widget_type=\"video.default\">\n\t\t\t\t<div class=\"elementor-widget-container\">\n\t\t\t\t\t\t\t<div class=\"elementor-wrapper elementor-open-inline\">\n\t\t\t<div class=\"elementor-video\"><\/div>\t\t<\/div>\n\t\t\t\t\t\t<\/div>\n\t\t\t\t<\/div>\n\t\t\t\t\t<\/div>\n\t\t<\/div>\n\t\t\t\t<div class=\"elementor-column elementor-col-50 elementor-inner-column elementor-element elementor-element-9ee86c7\" data-id=\"9ee86c7\" data-element_type=\"column\" data-e-type=\"column\">\n\t\t\t<div class=\"elementor-widget-wrap elementor-element-populated\">\n\t\t\t\t\t\t<div class=\"elementor-element elementor-element-6c1f5a7 elementor-widget elementor-widget-video\" data-id=\"6c1f5a7\" data-element_type=\"widget\" data-e-type=\"widget\" data-settings=\"{&quot;youtube_url&quot;:&quot;https:\\\/\\\/youtu.be\\\/K_hQsI650Lc&quot;,&quot;video_type&quot;:&quot;youtube&quot;,&quot;controls&quot;:&quot;yes&quot;}\" data-widget_type=\"video.default\">\n\t\t\t\t<div class=\"elementor-widget-container\">\n\t\t\t\t\t\t\t<div class=\"elementor-wrapper elementor-open-inline\">\n\t\t\t<div class=\"elementor-video\"><\/div>\t\t<\/div>\n\t\t\t\t\t\t<\/div>\n\t\t\t\t<\/div>\n\t\t\t\t\t<\/div>\n\t\t<\/div>\n\t\t\t\t\t<\/div>\n\t\t<\/section>\n\t\t\t\t<section class=\"elementor-section elementor-inner-section elementor-element elementor-element-8fe9880 elementor-section-boxed elementor-section-height-default elementor-section-height-default\" data-id=\"8fe9880\" data-element_type=\"section\" data-e-type=\"section\">\n\t\t\t\t\t\t<div class=\"elementor-container elementor-column-gap-default\">\n\t\t\t\t\t<div class=\"elementor-column elementor-col-50 elementor-inner-column elementor-element elementor-element-8729536\" data-id=\"8729536\" data-element_type=\"column\" data-e-type=\"column\">\n\t\t\t<div class=\"elementor-widget-wrap elementor-element-populated\">\n\t\t\t\t\t\t<div class=\"elementor-element elementor-element-4398067 elementor-widget elementor-widget-video\" data-id=\"4398067\" data-element_type=\"widget\" data-e-type=\"widget\" data-settings=\"{&quot;youtube_url&quot;:&quot;https:\\\/\\\/www.youtube.com\\\/watch?v=XF37JgTZS5c&quot;,&quot;video_type&quot;:&quot;youtube&quot;,&quot;controls&quot;:&quot;yes&quot;}\" data-widget_type=\"video.default\">\n\t\t\t\t<div class=\"elementor-widget-container\">\n\t\t\t\t\t\t\t<div class=\"elementor-wrapper elementor-open-inline\">\n\t\t\t<div class=\"elementor-video\"><\/div>\t\t<\/div>\n\t\t\t\t\t\t<\/div>\n\t\t\t\t<\/div>\n\t\t\t\t\t<\/div>\n\t\t<\/div>\n\t\t\t\t<div class=\"elementor-column elementor-col-50 elementor-inner-column elementor-element elementor-element-e3631eb\" data-id=\"e3631eb\" data-element_type=\"column\" data-e-type=\"column\">\n\t\t\t<div class=\"elementor-widget-wrap elementor-element-populated\">\n\t\t\t\t\t\t<div class=\"elementor-element elementor-element-d7ef9ec elementor-widget elementor-widget-video\" data-id=\"d7ef9ec\" data-element_type=\"widget\" data-e-type=\"widget\" data-settings=\"{&quot;youtube_url&quot;:&quot;https:\\\/\\\/youtu.be\\\/chbFUXmARWI&quot;,&quot;video_type&quot;:&quot;youtube&quot;,&quot;controls&quot;:&quot;yes&quot;}\" data-widget_type=\"video.default\">\n\t\t\t\t<div class=\"elementor-widget-container\">\n\t\t\t\t\t\t\t<div class=\"elementor-wrapper elementor-open-inline\">\n\t\t\t<div class=\"elementor-video\"><\/div>\t\t<\/div>\n\t\t\t\t\t\t<\/div>\n\t\t\t\t<\/div>\n\t\t\t\t\t<\/div>\n\t\t<\/div>\n\t\t\t\t\t<\/div>\n\t\t<\/section>\n\t\t\t\t\t<\/div>\n\t\t<\/div>\n\t\t\t\t\t<\/div>\n\t\t<\/section>\n\t\t\t\t<\/div>","protected":false},"excerpt":{"rendered":"<p>Sermons Our Latest Sermons https:\/\/youtu.be\/H9ocjLpUM-khttps:\/\/youtu.be\/IKWWvfSagSghttps:\/\/youtu.be\/yEAgkHYDcZYhttps:\/\/youtu.be\/K_hQsI650Lchttps:\/\/www.youtube.com\/watch?v=XF37JgTZS5chttps:\/\/youtu.be\/chbFUXmARWI<\/p>","protected":false},"author":1,"featured_media":0,"parent":0,"menu_order":0,"comment_status":"closed","ping_status":"closed","template":"","meta":{"footnotes":""},"class_list":["post-45","page","type-page","status-publish","hentry"],"yoast_head":"<!-- This site is optimized with the Yoast SEO plugin v27.6 - https:\/\/yoast.com\/product\/yoast-seo-wordpress\/ -->\n<title>SERMONS - RCCG Rehoboth Centre Prague<\/title>\n<meta name=\"description\" content=\"RCCG Prague is a home for all. RCCG Prague is a place of the undiluted word of God, prayers, and fellowship. A place where voices are raised together in intercession, and hands lifted in support for one another. A place where the Holy Spirit leads, and we follow. According to scripture (Genesis 26:22), Rehoboth means God has given us room to be fruitful in the land, therefore, we trust God by His word that you are already marching into fruitfulness as you join us.\" \/>\n<meta name=\"robots\" content=\"index, follow, max-snippet:-1, max-image-preview:large, max-video-preview:-1\" \/>\n<link rel=\"canonical\" href=\"https:\/\/rehobothprague.org\/cs\/sermons\/\" \/>\n<meta property=\"og:locale\" content=\"cs_CZ\" \/>\n<meta property=\"og:type\" content=\"article\" \/>\n<meta property=\"og:title\" content=\"SERMONS - RCCG Rehoboth Centre Prague\" \/>\n<meta property=\"og:description\" content=\"RCCG Prague is a home for all. RCCG Prague is a place of the undiluted word of God, prayers, and fellowship. A place where voices are raised together in intercession, and hands lifted in support for one another. A place where the Holy Spirit leads, and we follow. According to scripture (Genesis 26:22), Rehoboth means God has given us room to be fruitful in the land, therefore, we trust God by His word that you are already marching into fruitfulness as you join us.\" \/>\n<meta property=\"og:url\" content=\"https:\/\/rehobothprague.org\/cs\/sermons\/\" \/>\n<meta property=\"og:site_name\" content=\"RCCG Rehoboth Centre Prague\" \/>\n<meta property=\"article:publisher\" content=\"https:\/\/www.facebook.com\/rccgprague\" \/>\n<meta property=\"article:modified_time\" content=\"2023-08-15T11:35:25+00:00\" \/>\n<meta name=\"twitter:card\" content=\"summary_large_image\" \/>\n<meta name=\"twitter:label1\" content=\"Odhadovan\u00e1 doba \u010dten\u00ed\" \/>\n\t<meta name=\"twitter:data1\" content=\"1 minuta\" \/>\n<script type=\"application\/ld+json\" class=\"yoast-schema-graph\">{\"@context\":\"https:\\\/\\\/schema.org\",\"@graph\":[{\"@type\":\"WebPage\",\"@id\":\"https:\\\/\\\/rehobothprague.org\\\/sermons\\\/\",\"url\":\"https:\\\/\\\/rehobothprague.org\\\/sermons\\\/\",\"name\":\"SERMONS - RCCG Rehoboth Centre Prague\",\"isPartOf\":{\"@id\":\"https:\\\/\\\/rehobothprague.org\\\/#website\"},\"datePublished\":\"2023-07-17T17:14:40+00:00\",\"dateModified\":\"2023-08-15T11:35:25+00:00\",\"description\":\"RCCG Prague is a home for all. RCCG Prague is a place of the undiluted word of God, prayers, and fellowship. A place where voices are raised together in intercession, and hands lifted in support for one another. A place where the Holy Spirit leads, and we follow. According to scripture (Genesis 26:22), Rehoboth means God has given us room to be fruitful in the land, therefore, we trust God by His word that you are already marching into fruitfulness as you join us.\",\"breadcrumb\":{\"@id\":\"https:\\\/\\\/rehobothprague.org\\\/sermons\\\/#breadcrumb\"},\"inLanguage\":\"cs\",\"potentialAction\":[{\"@type\":\"ReadAction\",\"target\":[\"https:\\\/\\\/rehobothprague.org\\\/sermons\\\/\"]}]},{\"@type\":\"BreadcrumbList\",\"@id\":\"https:\\\/\\\/rehobothprague.org\\\/sermons\\\/#breadcrumb\",\"itemListElement\":[{\"@type\":\"ListItem\",\"position\":1,\"name\":\"Home\",\"item\":\"https:\\\/\\\/rehobothprague.org\\\/home\\\/\"},{\"@type\":\"ListItem\",\"position\":2,\"name\":\"SERMONS\"}]},{\"@type\":\"WebSite\",\"@id\":\"https:\\\/\\\/rehobothprague.org\\\/#website\",\"url\":\"https:\\\/\\\/rehobothprague.org\\\/\",\"name\":\"RCCG Rehoboth Centre Prague\",\"description\":\"The Gathering of Eagles\",\"publisher\":{\"@id\":\"https:\\\/\\\/rehobothprague.org\\\/#organization\"},\"potentialAction\":[{\"@type\":\"SearchAction\",\"target\":{\"@type\":\"EntryPoint\",\"urlTemplate\":\"https:\\\/\\\/rehobothprague.org\\\/?s={search_term_string}\"},\"query-input\":{\"@type\":\"PropertyValueSpecification\",\"valueRequired\":true,\"valueName\":\"search_term_string\"}}],\"inLanguage\":\"cs\"},{\"@type\":\"Organization\",\"@id\":\"https:\\\/\\\/rehobothprague.org\\\/#organization\",\"name\":\"RCCG Rehoboth Centre Prague\",\"url\":\"https:\\\/\\\/rehobothprague.org\\\/\",\"logo\":{\"@type\":\"ImageObject\",\"inLanguage\":\"cs\",\"@id\":\"https:\\\/\\\/rehobothprague.org\\\/#\\\/schema\\\/logo\\\/image\\\/\",\"url\":\"https:\\\/\\\/rehobothprague.org\\\/wp-content\\\/uploads\\\/2023\\\/07\\\/Rehoboth-3.png\",\"contentUrl\":\"https:\\\/\\\/rehobothprague.org\\\/wp-content\\\/uploads\\\/2023\\\/07\\\/Rehoboth-3.png\",\"width\":340,\"height\":156,\"caption\":\"RCCG Rehoboth Centre Prague\"},\"image\":{\"@id\":\"https:\\\/\\\/rehobothprague.org\\\/#\\\/schema\\\/logo\\\/image\\\/\"},\"sameAs\":[\"https:\\\/\\\/www.facebook.com\\\/rccgprague\",\"https:\\\/\\\/www.instagram.com\\\/rccgprague\\\/\",\"https:\\\/\\\/www.youtube.com\\\/channel\\\/UC1FyXHONRtPGi5ITqPZrmVA\\\/\"]}]}<\/script>\n<!-- \/ Yoast SEO plugin. -->","yoast_head_json":{"title":"SERMONS - RCCG Rehoboth Centre Prague","description":"RCCG Prague is a home for all. RCCG Prague is a place of the undiluted word of God, prayers, and fellowship. A place where voices are raised together in intercession, and hands lifted in support for one another. A place where the Holy Spirit leads, and we follow. According to scripture (Genesis 26:22), Rehoboth means God has given us room to be fruitful in the land, therefore, we trust God by His word that you are already marching into fruitfulness as you join us.","robots":{"index":"index","follow":"follow","max-snippet":"max-snippet:-1","max-image-preview":"max-image-preview:large","max-video-preview":"max-video-preview:-1"},"canonical":"https:\/\/rehobothprague.org\/cs\/sermons\/","og_locale":"cs_CZ","og_type":"article","og_title":"SERMONS - RCCG Rehoboth Centre Prague","og_description":"RCCG Prague is a home for all. RCCG Prague is a place of the undiluted word of God, prayers, and fellowship. A place where voices are raised together in intercession, and hands lifted in support for one another. A place where the Holy Spirit leads, and we follow. According to scripture (Genesis 26:22), Rehoboth means God has given us room to be fruitful in the land, therefore, we trust God by His word that you are already marching into fruitfulness as you join us.","og_url":"https:\/\/rehobothprague.org\/cs\/sermons\/","og_site_name":"RCCG Rehoboth Centre Prague","article_publisher":"https:\/\/www.facebook.com\/rccgprague","article_modified_time":"2023-08-15T11:35:25+00:00","twitter_card":"summary_large_image","twitter_misc":{"Odhadovan\u00e1 doba \u010dten\u00ed":"1 minuta"},"schema":{"@context":"https:\/\/schema.org","@graph":[{"@type":"WebPage","@id":"https:\/\/rehobothprague.org\/sermons\/","url":"https:\/\/rehobothprague.org\/sermons\/","name":"SERMONS - RCCG Rehoboth Centre Prague","isPartOf":{"@id":"https:\/\/rehobothprague.org\/#website"},"datePublished":"2023-07-17T17:14:40+00:00","dateModified":"2023-08-15T11:35:25+00:00","description":"RCCG Prague is a home for all. RCCG Prague is a place of the undiluted word of God, prayers, and fellowship. A place where voices are raised together in intercession, and hands lifted in support for one another. A place where the Holy Spirit leads, and we follow. According to scripture (Genesis 26:22), Rehoboth means God has given us room to be fruitful in the land, therefore, we trust God by His word that you are already marching into fruitfulness as you join us.","breadcrumb":{"@id":"https:\/\/rehobothprague.org\/sermons\/#breadcrumb"},"inLanguage":"cs","potentialAction":[{"@type":"ReadAction","target":["https:\/\/rehobothprague.org\/sermons\/"]}]},{"@type":"BreadcrumbList","@id":"https:\/\/rehobothprague.org\/sermons\/#breadcrumb","itemListElement":[{"@type":"ListItem","position":1,"name":"Home","item":"https:\/\/rehobothprague.org\/home\/"},{"@type":"ListItem","position":2,"name":"SERMONS"}]},{"@type":"WebSite","@id":"https:\/\/rehobothprague.org\/#website","url":"https:\/\/rehobothprague.org\/","name":"RCCG Rehoboth Centre Prague","description":"The Gathering of Eagles","publisher":{"@id":"https:\/\/rehobothprague.org\/#organization"},"potentialAction":[{"@type":"SearchAction","target":{"@type":"EntryPoint","urlTemplate":"https:\/\/rehobothprague.org\/?s={search_term_string}"},"query-input":{"@type":"PropertyValueSpecification","valueRequired":true,"valueName":"search_term_string"}}],"inLanguage":"cs"},{"@type":"Organization","@id":"https:\/\/rehobothprague.org\/#organization","name":"RCCG Rehoboth Centre Prague","url":"https:\/\/rehobothprague.org\/","logo":{"@type":"ImageObject","inLanguage":"cs","@id":"https:\/\/rehobothprague.org\/#\/schema\/logo\/image\/","url":"https:\/\/rehobothprague.org\/wp-content\/uploads\/2023\/07\/Rehoboth-3.png","contentUrl":"https:\/\/rehobothprague.org\/wp-content\/uploads\/2023\/07\/Rehoboth-3.png","width":340,"height":156,"caption":"RCCG Rehoboth Centre Prague"},"image":{"@id":"https:\/\/rehobothprague.org\/#\/schema\/logo\/image\/"},"sameAs":["https:\/\/www.facebook.com\/rccgprague","https:\/\/www.instagram.com\/rccgprague\/","https:\/\/www.youtube.com\/channel\/UC1FyXHONRtPGi5ITqPZrmVA\/"]}]}},"jetpack_sharing_enabled":true,"_links":{"self":[{"href":"https:\/\/rehobothprague.org\/cs\/wp-json\/wp\/v2\/pages\/45","targetHints":{"allow":["GET"]}}],"collection":[{"href":"https:\/\/rehobothprague.org\/cs\/wp-json\/wp\/v2\/pages"}],"about":[{"href":"https:\/\/rehobothprague.org\/cs\/wp-json\/wp\/v2\/types\/page"}],"author":[{"embeddable":true,"href":"https:\/\/rehobothprague.org\/cs\/wp-json\/wp\/v2\/users\/1"}],"replies":[{"embeddable":true,"href":"https:\/\/rehobothprague.org\/cs\/wp-json\/wp\/v2\/comments?post=45"}],"version-history":[{"count":27,"href":"https:\/\/rehobothprague.org\/cs\/wp-json\/wp\/v2\/pages\/45\/revisions"}],"predecessor-version":[{"id":988,"href":"https:\/\/rehobothprague.org\/cs\/wp-json\/wp\/v2\/pages\/45\/revisions\/988"}],"wp:attachment":[{"href":"https:\/\/rehobothprague.org\/cs\/wp-json\/wp\/v2\/media?parent=45"}],"curies":[{"name":"wp","href":"https:\/\/api.w.org\/{rel}","templated":true}]}}