{"id":36,"date":"2023-07-17T17:09:49","date_gmt":"2023-07-17T17:09:49","guid":{"rendered":"https:\/\/rehobothprague.org\/?page_id=36"},"modified":"2025-09-29T14:01:39","modified_gmt":"2025-09-29T14:01:39","slug":"support","status":"publish","type":"page","link":"https:\/\/rehobothprague.org\/cs\/support\/","title":{"rendered":"PODPORA"},"content":{"rendered":"<div data-elementor-type=\"wp-page\" data-elementor-id=\"36\" class=\"elementor elementor-36\" data-elementor-post-type=\"page\">\n\t\t\t\t\t\t<section class=\"elementor-section elementor-top-section elementor-element elementor-element-2ec849a0 elementor-section-height-min-height elementor-section-stretched elementor-section-boxed elementor-section-height-default elementor-section-items-middle\" data-id=\"2ec849a0\" data-element_type=\"section\" data-e-type=\"section\" data-settings=\"{&quot;stretch_section&quot;:&quot;section-stretched&quot;,&quot;background_background&quot;:&quot;gradient&quot;,&quot;shape_divider_bottom&quot;:&quot;pyramids&quot;}\">\n\t\t\t\t\t<div class=\"elementor-shape elementor-shape-bottom\" aria-hidden=\"true\" data-negative=\"false\">\n\t\t\t<svg xmlns=\"http:\/\/www.w3.org\/2000\/svg\" viewbox=\"0 0 1000 100\" preserveaspectratio=\"none\">\n\t<path class=\"elementor-shape-fill\" d=\"M761.9,44.1L643.1,27.2L333.8,98L0,3.8V0l1000,0v3.9\"\/>\n<\/svg>\t\t<\/div>\n\t\t\t\t\t<div class=\"elementor-container elementor-column-gap-default\">\n\t\t\t\t\t<div class=\"elementor-column elementor-col-100 elementor-top-column elementor-element elementor-element-7e57fa15\" data-id=\"7e57fa15\" data-element_type=\"column\" data-e-type=\"column\">\n\t\t\t<div class=\"elementor-widget-wrap elementor-element-populated\">\n\t\t\t\t\t\t<div class=\"elementor-element elementor-element-2c43ef3f elementor-invisible elementor-widget elementor-widget-heading\" data-id=\"2c43ef3f\" data-element_type=\"widget\" data-e-type=\"widget\" data-settings=\"{&quot;_animation&quot;:&quot;headShake&quot;}\" data-widget_type=\"heading.default\">\n\t\t\t\t<div class=\"elementor-widget-container\">\n\t\t\t\t\t<h2 class=\"elementor-heading-title elementor-size-default\">Podpora<\/h2>\t\t\t\t<\/div>\n\t\t\t\t<\/div>\n\t\t\t\t<div class=\"elementor-element elementor-element-22b57ca6 elementor-widget-divider--view-line elementor-invisible elementor-widget elementor-widget-divider\" data-id=\"22b57ca6\" data-element_type=\"widget\" data-e-type=\"widget\" data-settings=\"{&quot;_animation&quot;:&quot;fadeInUp&quot;}\" data-widget_type=\"divider.default\">\n\t\t\t\t<div class=\"elementor-widget-container\">\n\t\t\t\t\t\t\t<div class=\"elementor-divider\">\n\t\t\t<span class=\"elementor-divider-separator\">\n\t\t\t\t\t\t<\/span>\n\t\t<\/div>\n\t\t\t\t\t\t<\/div>\n\t\t\t\t<\/div>\n\t\t\t\t<div class=\"elementor-element elementor-element-1192de91 elementor-invisible elementor-widget elementor-widget-text-editor\" data-id=\"1192de91\" data-element_type=\"widget\" data-e-type=\"widget\" data-settings=\"{&quot;_animation&quot;:&quot;pulse&quot;}\" data-widget_type=\"text-editor.default\">\n\t\t\t\t<div class=\"elementor-widget-container\">\n\t\t\t\t\t\t\t\t\t<p>V\u00e1\u0161 p\u0159\u00edsp\u011bvek k podpo\u0159e kr\u00e1lovstv\u00ed<\/p>\t\t\t\t\t\t\t\t<\/div>\n\t\t\t\t<\/div>\n\t\t\t\t\t<\/div>\n\t\t<\/div>\n\t\t\t\t\t<\/div>\n\t\t<\/section>\n\t\t\t\t<section class=\"elementor-section elementor-top-section elementor-element elementor-element-7d1a4be elementor-section-stretched elementor-section-boxed elementor-section-height-default elementor-section-height-default\" data-id=\"7d1a4be\" data-element_type=\"section\" data-e-type=\"section\" data-settings=\"{&quot;stretch_section&quot;:&quot;section-stretched&quot;,&quot;background_background&quot;:&quot;classic&quot;}\">\n\t\t\t\t\t\t<div class=\"elementor-container elementor-column-gap-default\">\n\t\t\t\t\t<div class=\"elementor-column elementor-col-100 elementor-top-column elementor-element elementor-element-bfb787c\" data-id=\"bfb787c\" data-element_type=\"column\" data-e-type=\"column\" data-settings=\"{&quot;background_background&quot;:&quot;classic&quot;}\">\n\t\t\t<div class=\"elementor-widget-wrap elementor-element-populated\">\n\t\t\t\t\t\t<section class=\"elementor-section elementor-inner-section elementor-element elementor-element-eda55b8 elementor-section-boxed elementor-section-height-default elementor-section-height-default\" data-id=\"eda55b8\" data-element_type=\"section\" data-e-type=\"section\">\n\t\t\t\t\t\t<div class=\"elementor-container elementor-column-gap-default\">\n\t\t\t\t\t<div class=\"elementor-column elementor-col-50 elementor-inner-column elementor-element elementor-element-4fcb91b\" data-id=\"4fcb91b\" data-element_type=\"column\" data-e-type=\"column\" data-settings=\"{&quot;background_background&quot;:&quot;gradient&quot;}\">\n\t\t\t<div class=\"elementor-widget-wrap elementor-element-populated\">\n\t\t\t\t\t\t<div class=\"elementor-element elementor-element-1ba430b elementor-hidden-mobile elementor-widget elementor-widget-image\" data-id=\"1ba430b\" data-element_type=\"widget\" data-e-type=\"widget\" data-widget_type=\"image.default\">\n\t\t\t\t<div class=\"elementor-widget-container\">\n\t\t\t\t\t\t\t\t\t\t\t\t\t\t\t<img decoding=\"async\" width=\"80\" height=\"80\" src=\"https:\/\/rehobothprague.org\/wp-content\/uploads\/2023\/07\/Picsart_23-07-22_00-45-48-923-80x80.png\" class=\"attachment-thumbnail size-thumbnail wp-image-516\" alt=\"\" srcset=\"https:\/\/rehobothprague.org\/wp-content\/uploads\/2023\/07\/Picsart_23-07-22_00-45-48-923-80x80.png 80w, https:\/\/rehobothprague.org\/wp-content\/uploads\/2023\/07\/Picsart_23-07-22_00-45-48-923-300x300.png 300w, https:\/\/rehobothprague.org\/wp-content\/uploads\/2023\/07\/Picsart_23-07-22_00-45-48-923-1030x1030.png 1030w, https:\/\/rehobothprague.org\/wp-content\/uploads\/2023\/07\/Picsart_23-07-22_00-45-48-923-768x768.png 768w, https:\/\/rehobothprague.org\/wp-content\/uploads\/2023\/07\/Picsart_23-07-22_00-45-48-923-36x36.png 36w, https:\/\/rehobothprague.org\/wp-content\/uploads\/2023\/07\/Picsart_23-07-22_00-45-48-923-180x180.png 180w, https:\/\/rehobothprague.org\/wp-content\/uploads\/2023\/07\/Picsart_23-07-22_00-45-48-923-1500x1500.png 1500w, https:\/\/rehobothprague.org\/wp-content\/uploads\/2023\/07\/Picsart_23-07-22_00-45-48-923-705x705.png 705w, https:\/\/rehobothprague.org\/wp-content\/uploads\/2023\/07\/Picsart_23-07-22_00-45-48-923.png 1536w\" sizes=\"(max-width: 80px) 100vw, 80px\" \/>\t\t\t\t\t\t\t\t\t\t\t\t\t\t\t<\/div>\n\t\t\t\t<\/div>\n\t\t\t\t<div class=\"elementor-element elementor-element-8b77d78 elementor-widget elementor-widget-text-editor\" data-id=\"8b77d78\" data-element_type=\"widget\" data-e-type=\"widget\" data-widget_type=\"text-editor.default\">\n\t\t\t\t<div class=\"elementor-widget-container\">\n\t\t\t\t\t\t\t\t\t<p><strong>Bankovn\u00ed spojen\u00ed<\/strong><\/p><p><strong>Banka:<\/strong>\u00a0KB Bank<br \/><strong>N\u00e1zev \u00fa\u010dtu:<\/strong>\u00a0RCCG Rehoboth Centre ZS<br \/><strong>\u010c\u00edslo \u00fa\u010dtu:<\/strong>\u00a0131-787080277\/0100<br \/><strong>IBAN:<\/strong>\u00a0CZ48 0100 0001 3107 8708 0277<br \/><strong>BIC(SWIFT):<\/strong>\u00a0KOMBCZPPXXX<\/p>\t\t\t\t\t\t\t\t<\/div>\n\t\t\t\t<\/div>\n\t\t\t\t<div class=\"elementor-element elementor-element-3b6daaf elementor-widget elementor-widget-text-editor\" data-id=\"3b6daaf\" data-element_type=\"widget\" data-e-type=\"widget\" data-widget_type=\"text-editor.default\">\n\t\t\t\t<div class=\"elementor-widget-container\">\n\t\t\t\t\t\t\t\t\t<p><strong>Podrobnosti na PayPal<\/strong><br \/>rccgrehobothprague@gmail.com<\/p>\t\t\t\t\t\t\t\t<\/div>\n\t\t\t\t<\/div>\n\t\t\t\t<div class=\"elementor-element elementor-element-b45464b elementor-widget elementor-widget-button\" data-id=\"b45464b\" data-element_type=\"widget\" data-e-type=\"widget\" data-widget_type=\"button.default\">\n\t\t\t\t<div class=\"elementor-widget-container\">\n\t\t\t\t\t\t\t\t\t<div class=\"elementor-button-wrapper\">\n\t\t\t\t\t<a class=\"elementor-button elementor-button-link elementor-size-sm elementor-animation-bob\" href=\"http:\/\/paypal.me\/RCCGRehobothCenter\">\n\t\t\t\t\t\t<span class=\"elementor-button-content-wrapper\">\n\t\t\t\t\t\t<span class=\"elementor-button-icon\">\n\t\t\t\t<i aria-hidden=\"true\" class=\"fab fa-paypal\"><\/i>\t\t\t<\/span>\n\t\t\t\t\t\t\t\t\t<span class=\"elementor-button-text\">Pla\u0165te p\u0159es PayPal<\/span>\n\t\t\t\t\t<\/span>\n\t\t\t\t\t<\/a>\n\t\t\t\t<\/div>\n\t\t\t\t\t\t\t\t<\/div>\n\t\t\t\t<\/div>\n\t\t\t\t<div class=\"elementor-element elementor-element-c0c01e6 elementor-hidden-mobile elementor-widget elementor-widget-image\" data-id=\"c0c01e6\" data-element_type=\"widget\" data-e-type=\"widget\" data-widget_type=\"image.default\">\n\t\t\t\t<div class=\"elementor-widget-container\">\n\t\t\t\t\t\t\t\t\t\t\t\t\t\t\t<img decoding=\"async\" width=\"80\" height=\"80\" src=\"https:\/\/rehobothprague.org\/wp-content\/uploads\/2023\/08\/1691838215314f0ea742f-88c1-4397-a3d8-fbdb295cbc91-80x80.png\" class=\"attachment-thumbnail size-thumbnail wp-image-913\" alt=\"\" srcset=\"https:\/\/rehobothprague.org\/wp-content\/uploads\/2023\/08\/1691838215314f0ea742f-88c1-4397-a3d8-fbdb295cbc91-80x80.png 80w, https:\/\/rehobothprague.org\/wp-content\/uploads\/2023\/08\/1691838215314f0ea742f-88c1-4397-a3d8-fbdb295cbc91-300x300.png 300w, https:\/\/rehobothprague.org\/wp-content\/uploads\/2023\/08\/1691838215314f0ea742f-88c1-4397-a3d8-fbdb295cbc91-768x768.png 768w, https:\/\/rehobothprague.org\/wp-content\/uploads\/2023\/08\/1691838215314f0ea742f-88c1-4397-a3d8-fbdb295cbc91-12x12.png 12w, https:\/\/rehobothprague.org\/wp-content\/uploads\/2023\/08\/1691838215314f0ea742f-88c1-4397-a3d8-fbdb295cbc91-36x36.png 36w, https:\/\/rehobothprague.org\/wp-content\/uploads\/2023\/08\/1691838215314f0ea742f-88c1-4397-a3d8-fbdb295cbc91-180x180.png 180w, https:\/\/rehobothprague.org\/wp-content\/uploads\/2023\/08\/1691838215314f0ea742f-88c1-4397-a3d8-fbdb295cbc91-705x705.png 705w, https:\/\/rehobothprague.org\/wp-content\/uploads\/2023\/08\/1691838215314f0ea742f-88c1-4397-a3d8-fbdb295cbc91.png 800w\" sizes=\"(max-width: 80px) 100vw, 80px\" \/>\t\t\t\t\t\t\t\t\t\t\t\t\t\t\t<\/div>\n\t\t\t\t<\/div>\n\t\t\t\t\t<\/div>\n\t\t<\/div>\n\t\t\t\t<div class=\"elementor-column elementor-col-50 elementor-inner-column elementor-element elementor-element-37fb955\" data-id=\"37fb955\" data-element_type=\"column\" data-e-type=\"column\">\n\t\t\t<div class=\"elementor-widget-wrap\">\n\t\t\t\t\t\t\t<\/div>\n\t\t<\/div>\n\t\t\t\t\t<\/div>\n\t\t<\/section>\n\t\t\t\t\t<\/div>\n\t\t<\/div>\n\t\t\t\t\t<\/div>\n\t\t<\/section>\n\t\t\t\t<\/div>","protected":false},"excerpt":{"rendered":"<p>Support Your contribution to the support of the kingdom Bank Account Details Bank:\u00a0KB BankAccount Name:\u00a0RCCG Rehoboth Centre ZSAccount Number:\u00a0131-787080277\/0100IBAN:\u00a0CZ48 0100 0001 3107 8708 0277BIC(SWIFT):\u00a0KOMBCZPPXXX Paypal Detailsrccgrehobothprague@gmail.com Pay With Paypal<\/p>","protected":false},"author":1,"featured_media":0,"parent":0,"menu_order":0,"comment_status":"closed","ping_status":"closed","template":"","meta":{"footnotes":""},"class_list":["post-36","page","type-page","status-publish","hentry"],"yoast_head":"<!-- This site is optimized with the Yoast SEO plugin v27.6 - https:\/\/yoast.com\/product\/yoast-seo-wordpress\/ -->\n<title>SUPPORT - RCCG Rehoboth Centre Prague<\/title>\n<meta name=\"description\" content=\"Your contribution to the support of the kingdom.\" \/>\n<meta name=\"robots\" content=\"index, follow, max-snippet:-1, max-image-preview:large, max-video-preview:-1\" \/>\n<link rel=\"canonical\" href=\"https:\/\/rehobothprague.org\/cs\/support\/\" \/>\n<meta property=\"og:locale\" content=\"cs_CZ\" \/>\n<meta property=\"og:type\" content=\"article\" \/>\n<meta property=\"og:title\" content=\"SUPPORT - RCCG Rehoboth Centre Prague\" \/>\n<meta property=\"og:description\" content=\"Your contribution to the support of the kingdom.\" \/>\n<meta property=\"og:url\" content=\"https:\/\/rehobothprague.org\/cs\/support\/\" \/>\n<meta property=\"og:site_name\" content=\"RCCG Rehoboth Centre Prague\" \/>\n<meta property=\"article:publisher\" content=\"https:\/\/www.facebook.com\/rccgprague\" \/>\n<meta property=\"article:modified_time\" content=\"2025-09-29T14:01:39+00:00\" \/>\n<meta property=\"og:image\" content=\"https:\/\/rehobothprague.org\/wp-content\/uploads\/2023\/07\/Picsart_23-07-22_00-45-48-923.png\" \/>\n\t<meta property=\"og:image:width\" content=\"1536\" \/>\n\t<meta property=\"og:image:height\" content=\"1536\" \/>\n\t<meta property=\"og:image:type\" content=\"image\/png\" \/>\n<meta name=\"twitter:card\" content=\"summary_large_image\" \/>\n<meta name=\"twitter:label1\" content=\"Odhadovan\u00e1 doba \u010dten\u00ed\" \/>\n\t<meta name=\"twitter:data1\" content=\"1 minuta\" \/>\n<script type=\"application\/ld+json\" class=\"yoast-schema-graph\">{\"@context\":\"https:\\\/\\\/schema.org\",\"@graph\":[{\"@type\":\"WebPage\",\"@id\":\"https:\\\/\\\/rehobothprague.org\\\/support\\\/\",\"url\":\"https:\\\/\\\/rehobothprague.org\\\/support\\\/\",\"name\":\"SUPPORT - RCCG Rehoboth Centre Prague\",\"isPartOf\":{\"@id\":\"https:\\\/\\\/rehobothprague.org\\\/#website\"},\"primaryImageOfPage\":{\"@id\":\"https:\\\/\\\/rehobothprague.org\\\/support\\\/#primaryimage\"},\"image\":{\"@id\":\"https:\\\/\\\/rehobothprague.org\\\/support\\\/#primaryimage\"},\"thumbnailUrl\":\"https:\\\/\\\/rehobothprague.org\\\/wp-content\\\/uploads\\\/2023\\\/07\\\/Picsart_23-07-22_00-45-48-923-80x80.png\",\"datePublished\":\"2023-07-17T17:09:49+00:00\",\"dateModified\":\"2025-09-29T14:01:39+00:00\",\"description\":\"Your contribution to the support of the kingdom.\",\"breadcrumb\":{\"@id\":\"https:\\\/\\\/rehobothprague.org\\\/support\\\/#breadcrumb\"},\"inLanguage\":\"cs\",\"potentialAction\":[{\"@type\":\"ReadAction\",\"target\":[\"https:\\\/\\\/rehobothprague.org\\\/support\\\/\"]}]},{\"@type\":\"ImageObject\",\"inLanguage\":\"cs\",\"@id\":\"https:\\\/\\\/rehobothprague.org\\\/support\\\/#primaryimage\",\"url\":\"https:\\\/\\\/rehobothprague.org\\\/wp-content\\\/uploads\\\/2023\\\/07\\\/Picsart_23-07-22_00-45-48-923-80x80.png\",\"contentUrl\":\"https:\\\/\\\/rehobothprague.org\\\/wp-content\\\/uploads\\\/2023\\\/07\\\/Picsart_23-07-22_00-45-48-923-80x80.png\"},{\"@type\":\"BreadcrumbList\",\"@id\":\"https:\\\/\\\/rehobothprague.org\\\/support\\\/#breadcrumb\",\"itemListElement\":[{\"@type\":\"ListItem\",\"position\":1,\"name\":\"Home\",\"item\":\"https:\\\/\\\/rehobothprague.org\\\/home\\\/\"},{\"@type\":\"ListItem\",\"position\":2,\"name\":\"SUPPORT\"}]},{\"@type\":\"WebSite\",\"@id\":\"https:\\\/\\\/rehobothprague.org\\\/#website\",\"url\":\"https:\\\/\\\/rehobothprague.org\\\/\",\"name\":\"RCCG Rehoboth Centre Prague\",\"description\":\"The Gathering of Eagles\",\"publisher\":{\"@id\":\"https:\\\/\\\/rehobothprague.org\\\/#organization\"},\"potentialAction\":[{\"@type\":\"SearchAction\",\"target\":{\"@type\":\"EntryPoint\",\"urlTemplate\":\"https:\\\/\\\/rehobothprague.org\\\/?s={search_term_string}\"},\"query-input\":{\"@type\":\"PropertyValueSpecification\",\"valueRequired\":true,\"valueName\":\"search_term_string\"}}],\"inLanguage\":\"cs\"},{\"@type\":\"Organization\",\"@id\":\"https:\\\/\\\/rehobothprague.org\\\/#organization\",\"name\":\"RCCG Rehoboth Centre Prague\",\"url\":\"https:\\\/\\\/rehobothprague.org\\\/\",\"logo\":{\"@type\":\"ImageObject\",\"inLanguage\":\"cs\",\"@id\":\"https:\\\/\\\/rehobothprague.org\\\/#\\\/schema\\\/logo\\\/image\\\/\",\"url\":\"https:\\\/\\\/rehobothprague.org\\\/wp-content\\\/uploads\\\/2023\\\/07\\\/Rehoboth-3.png\",\"contentUrl\":\"https:\\\/\\\/rehobothprague.org\\\/wp-content\\\/uploads\\\/2023\\\/07\\\/Rehoboth-3.png\",\"width\":340,\"height\":156,\"caption\":\"RCCG Rehoboth Centre Prague\"},\"image\":{\"@id\":\"https:\\\/\\\/rehobothprague.org\\\/#\\\/schema\\\/logo\\\/image\\\/\"},\"sameAs\":[\"https:\\\/\\\/www.facebook.com\\\/rccgprague\",\"https:\\\/\\\/www.instagram.com\\\/rccgprague\\\/\",\"https:\\\/\\\/www.youtube.com\\\/channel\\\/UC1FyXHONRtPGi5ITqPZrmVA\\\/\"]}]}<\/script>\n<!-- \/ Yoast SEO plugin. -->","yoast_head_json":{"title":"SUPPORT - RCCG Rehoboth Centre Prague","description":"Your contribution to the support of the kingdom.","robots":{"index":"index","follow":"follow","max-snippet":"max-snippet:-1","max-image-preview":"max-image-preview:large","max-video-preview":"max-video-preview:-1"},"canonical":"https:\/\/rehobothprague.org\/cs\/support\/","og_locale":"cs_CZ","og_type":"article","og_title":"SUPPORT - RCCG Rehoboth Centre Prague","og_description":"Your contribution to the support of the kingdom.","og_url":"https:\/\/rehobothprague.org\/cs\/support\/","og_site_name":"RCCG Rehoboth Centre Prague","article_publisher":"https:\/\/www.facebook.com\/rccgprague","article_modified_time":"2025-09-29T14:01:39+00:00","og_image":[{"width":1536,"height":1536,"url":"https:\/\/rehobothprague.org\/wp-content\/uploads\/2023\/07\/Picsart_23-07-22_00-45-48-923.png","type":"image\/png"}],"twitter_card":"summary_large_image","twitter_misc":{"Odhadovan\u00e1 doba \u010dten\u00ed":"1 minuta"},"schema":{"@context":"https:\/\/schema.org","@graph":[{"@type":"WebPage","@id":"https:\/\/rehobothprague.org\/support\/","url":"https:\/\/rehobothprague.org\/support\/","name":"SUPPORT - RCCG Rehoboth Centre Prague","isPartOf":{"@id":"https:\/\/rehobothprague.org\/#website"},"primaryImageOfPage":{"@id":"https:\/\/rehobothprague.org\/support\/#primaryimage"},"image":{"@id":"https:\/\/rehobothprague.org\/support\/#primaryimage"},"thumbnailUrl":"https:\/\/rehobothprague.org\/wp-content\/uploads\/2023\/07\/Picsart_23-07-22_00-45-48-923-80x80.png","datePublished":"2023-07-17T17:09:49+00:00","dateModified":"2025-09-29T14:01:39+00:00","description":"Your contribution to the support of the kingdom.","breadcrumb":{"@id":"https:\/\/rehobothprague.org\/support\/#breadcrumb"},"inLanguage":"cs","potentialAction":[{"@type":"ReadAction","target":["https:\/\/rehobothprague.org\/support\/"]}]},{"@type":"ImageObject","inLanguage":"cs","@id":"https:\/\/rehobothprague.org\/support\/#primaryimage","url":"https:\/\/rehobothprague.org\/wp-content\/uploads\/2023\/07\/Picsart_23-07-22_00-45-48-923-80x80.png","contentUrl":"https:\/\/rehobothprague.org\/wp-content\/uploads\/2023\/07\/Picsart_23-07-22_00-45-48-923-80x80.png"},{"@type":"BreadcrumbList","@id":"https:\/\/rehobothprague.org\/support\/#breadcrumb","itemListElement":[{"@type":"ListItem","position":1,"name":"Home","item":"https:\/\/rehobothprague.org\/home\/"},{"@type":"ListItem","position":2,"name":"SUPPORT"}]},{"@type":"WebSite","@id":"https:\/\/rehobothprague.org\/#website","url":"https:\/\/rehobothprague.org\/","name":"RCCG Rehoboth Centre Prague","description":"The Gathering of Eagles","publisher":{"@id":"https:\/\/rehobothprague.org\/#organization"},"potentialAction":[{"@type":"SearchAction","target":{"@type":"EntryPoint","urlTemplate":"https:\/\/rehobothprague.org\/?s={search_term_string}"},"query-input":{"@type":"PropertyValueSpecification","valueRequired":true,"valueName":"search_term_string"}}],"inLanguage":"cs"},{"@type":"Organization","@id":"https:\/\/rehobothprague.org\/#organization","name":"RCCG Rehoboth Centre Prague","url":"https:\/\/rehobothprague.org\/","logo":{"@type":"ImageObject","inLanguage":"cs","@id":"https:\/\/rehobothprague.org\/#\/schema\/logo\/image\/","url":"https:\/\/rehobothprague.org\/wp-content\/uploads\/2023\/07\/Rehoboth-3.png","contentUrl":"https:\/\/rehobothprague.org\/wp-content\/uploads\/2023\/07\/Rehoboth-3.png","width":340,"height":156,"caption":"RCCG Rehoboth Centre Prague"},"image":{"@id":"https:\/\/rehobothprague.org\/#\/schema\/logo\/image\/"},"sameAs":["https:\/\/www.facebook.com\/rccgprague","https:\/\/www.instagram.com\/rccgprague\/","https:\/\/www.youtube.com\/channel\/UC1FyXHONRtPGi5ITqPZrmVA\/"]}]}},"jetpack_sharing_enabled":true,"_links":{"self":[{"href":"https:\/\/rehobothprague.org\/cs\/wp-json\/wp\/v2\/pages\/36","targetHints":{"allow":["GET"]}}],"collection":[{"href":"https:\/\/rehobothprague.org\/cs\/wp-json\/wp\/v2\/pages"}],"about":[{"href":"https:\/\/rehobothprague.org\/cs\/wp-json\/wp\/v2\/types\/page"}],"author":[{"embeddable":true,"href":"https:\/\/rehobothprague.org\/cs\/wp-json\/wp\/v2\/users\/1"}],"replies":[{"embeddable":true,"href":"https:\/\/rehobothprague.org\/cs\/wp-json\/wp\/v2\/comments?post=36"}],"version-history":[{"count":49,"href":"https:\/\/rehobothprague.org\/cs\/wp-json\/wp\/v2\/pages\/36\/revisions"}],"predecessor-version":[{"id":1503,"href":"https:\/\/rehobothprague.org\/cs\/wp-json\/wp\/v2\/pages\/36\/revisions\/1503"}],"wp:attachment":[{"href":"https:\/\/rehobothprague.org\/cs\/wp-json\/wp\/v2\/media?parent=36"}],"curies":[{"name":"wp","href":"https:\/\/api.w.org\/{rel}","templated":true}]}}